{"id":142,"date":"2017-06-06T17:40:02","date_gmt":"2017-06-06T17:40:02","guid":{"rendered":"http:\/\/byimelda.com\/?page_id=142"},"modified":"2017-06-07T05:47:47","modified_gmt":"2017-06-07T05:47:47","slug":"tiendas","status":"publish","type":"page","link":"https:\/\/byimelda.com\/?page_id=142","title":{"rendered":"Tiendas"},"content":{"rendered":"<p style=\"text-align: justify;\">\u00bfDispone de una tienda y desea&nbsp;vender los bolsos y complementos <em><strong>By Imelda<\/strong><\/em>? &nbsp;Si le gusta la calidad, el dise\u00f1o y la exclusividad \u00e9sta es su marca. Podr\u00e1 elegir entre diferentes colecciones para ofrecer a sus clientes.&nbsp;<\/p>\n<p style=\"text-align: justify;\">Desde el Departamento Comercial de <em><strong>By Imelda<\/strong><\/em> le ayudar\u00e1n a elegir el producto o productos m\u00e1s&nbsp;\u00f3ptimos para la venta. No lo dude y contacte ya con nuestros profesionales.&nbsp;<\/p>\n<p style=\"text-align: justify;\">Luzca en las estanter\u00edas de su tienda&nbsp;los bolsos y complementos <em><strong>By Imelda<\/strong><\/em>. Sus clientes no podr\u00e1n resistirse.&nbsp;<\/p>\n<p style=\"text-align: justify;\">Puede contactar con el Departamento Comercial en C\/ Tercera, 19 &#8211; 37188 de Carbajosa de la Sagrada (Salamanca), llamando al tel\u00e9fono (+34)&nbsp;<a class=\"fl r-i5cOqWL8uzvo\" title=\"Llamar a trav\u00e9s de Hangouts\" data-number=\"+34923208225\" data-pstn-out-call-url=\"\" data-rtid=\"i5cOqWL8uzvo\" data-ved=\"0ahUKEwjt0ayIiqnUAhUNJlAKHUxgAZcQkAgIlQEoADAV\">923208225 o mediante el&nbsp;formulario de contacto.<\/a><\/p>\n","protected":false},"excerpt":{"rendered":"<p>\u00bfDispone de una tienda y desea&nbsp;vender los bolsos y complementos By Imelda? &nbsp;Si le gusta la calidad, el dise\u00f1o y la exclusividad \u00e9sta es su marca. Podr\u00e1 elegir entre diferentes colecciones para ofrecer a sus clientes.&nbsp; Desde el Departamento Comercial de By Imelda le ayudar\u00e1n a elegir el producto o productos m\u00e1s&nbsp;\u00f3ptimos para la venta. [&hellip;]<\/p>\n","protected":false},"author":1,"featured_media":0,"parent":0,"menu_order":0,"comment_status":"closed","ping_status":"closed","template":"","meta":{"ngg_post_thumbnail":0,"footnotes":""},"class_list":["post-142","page","type-page","status-publish","hentry"],"yoast_head":"<!-- This site is optimized with the Yoast SEO plugin v25.1 - https:\/\/yoast.com\/wordpress\/plugins\/seo\/ -->\n<title>Tiendas - By Imelda<\/title>\n<meta name=\"robots\" content=\"index, follow, max-snippet:-1, max-image-preview:large, max-video-preview:-1\" \/>\n<link rel=\"canonical\" href=\"https:\/\/byimelda.com\/?page_id=142\" \/>\n<meta property=\"og:locale\" content=\"es_ES\" \/>\n<meta property=\"og:type\" content=\"article\" \/>\n<meta property=\"og:title\" content=\"Tiendas - By Imelda\" \/>\n<meta property=\"og:description\" content=\"\u00bfDispone de una tienda y desea&nbsp;vender los bolsos y complementos By Imelda? &nbsp;Si le gusta la calidad, el dise\u00f1o y la exclusividad \u00e9sta es su marca. Podr\u00e1 elegir entre diferentes colecciones para ofrecer a sus clientes.&nbsp; Desde el Departamento Comercial de By Imelda le ayudar\u00e1n a elegir el producto o productos m\u00e1s&nbsp;\u00f3ptimos para la venta. [&hellip;]\" \/>\n<meta property=\"og:url\" content=\"https:\/\/byimelda.com\/?page_id=142\" \/>\n<meta property=\"og:site_name\" content=\"By Imelda\" \/>\n<meta property=\"article:modified_time\" content=\"2017-06-07T05:47:47+00:00\" \/>\n<meta name=\"twitter:card\" content=\"summary_large_image\" \/>\n<meta name=\"twitter:label1\" content=\"Tiempo de lectura\" \/>\n\t<meta name=\"twitter:data1\" content=\"1 minuto\" \/>\n<script type=\"application\/ld+json\" class=\"yoast-schema-graph\">{\"@context\":\"https:\/\/schema.org\",\"@graph\":[{\"@type\":\"WebPage\",\"@id\":\"https:\/\/byimelda.com\/?page_id=142\",\"url\":\"https:\/\/byimelda.com\/?page_id=142\",\"name\":\"Tiendas - By Imelda\",\"isPartOf\":{\"@id\":\"https:\/\/byimelda.com\/#website\"},\"datePublished\":\"2017-06-06T17:40:02+00:00\",\"dateModified\":\"2017-06-07T05:47:47+00:00\",\"breadcrumb\":{\"@id\":\"https:\/\/byimelda.com\/?page_id=142#breadcrumb\"},\"inLanguage\":\"es\",\"potentialAction\":[{\"@type\":\"ReadAction\",\"target\":[\"https:\/\/byimelda.com\/?page_id=142\"]}]},{\"@type\":\"BreadcrumbList\",\"@id\":\"https:\/\/byimelda.com\/?page_id=142#breadcrumb\",\"itemListElement\":[{\"@type\":\"ListItem\",\"position\":1,\"name\":\"Portada\",\"item\":\"https:\/\/byimelda.com\/\"},{\"@type\":\"ListItem\",\"position\":2,\"name\":\"Tiendas\"}]},{\"@type\":\"WebSite\",\"@id\":\"https:\/\/byimelda.com\/#website\",\"url\":\"https:\/\/byimelda.com\/\",\"name\":\"By Imelda\",\"description\":\"Bolsos fabricados en Espa\u00f1a\",\"publisher\":{\"@id\":\"https:\/\/byimelda.com\/#organization\"},\"potentialAction\":[{\"@type\":\"SearchAction\",\"target\":{\"@type\":\"EntryPoint\",\"urlTemplate\":\"https:\/\/byimelda.com\/?s={search_term_string}\"},\"query-input\":{\"@type\":\"PropertyValueSpecification\",\"valueRequired\":true,\"valueName\":\"search_term_string\"}}],\"inLanguage\":\"es\"},{\"@type\":\"Organization\",\"@id\":\"https:\/\/byimelda.com\/#organization\",\"name\":\"By Imelda\",\"url\":\"https:\/\/byimelda.com\/\",\"logo\":{\"@type\":\"ImageObject\",\"inLanguage\":\"es\",\"@id\":\"https:\/\/byimelda.com\/#\/schema\/logo\/image\/\",\"url\":\"https:\/\/byimelda.com\/wp-content\/uploads\/2017\/06\/cropped-logo_con_premios_by_imelda.jpg\",\"contentUrl\":\"https:\/\/byimelda.com\/wp-content\/uploads\/2017\/06\/cropped-logo_con_premios_by_imelda.jpg\",\"width\":217,\"height\":200,\"caption\":\"By Imelda\"},\"image\":{\"@id\":\"https:\/\/byimelda.com\/#\/schema\/logo\/image\/\"}}]}<\/script>\n<!-- \/ Yoast SEO plugin. -->","yoast_head_json":{"title":"Tiendas - By Imelda","robots":{"index":"index","follow":"follow","max-snippet":"max-snippet:-1","max-image-preview":"max-image-preview:large","max-video-preview":"max-video-preview:-1"},"canonical":"https:\/\/byimelda.com\/?page_id=142","og_locale":"es_ES","og_type":"article","og_title":"Tiendas - By Imelda","og_description":"\u00bfDispone de una tienda y desea&nbsp;vender los bolsos y complementos By Imelda? &nbsp;Si le gusta la calidad, el dise\u00f1o y la exclusividad \u00e9sta es su marca. Podr\u00e1 elegir entre diferentes colecciones para ofrecer a sus clientes.&nbsp; Desde el Departamento Comercial de By Imelda le ayudar\u00e1n a elegir el producto o productos m\u00e1s&nbsp;\u00f3ptimos para la venta. [&hellip;]","og_url":"https:\/\/byimelda.com\/?page_id=142","og_site_name":"By Imelda","article_modified_time":"2017-06-07T05:47:47+00:00","twitter_card":"summary_large_image","twitter_misc":{"Tiempo de lectura":"1 minuto"},"schema":{"@context":"https:\/\/schema.org","@graph":[{"@type":"WebPage","@id":"https:\/\/byimelda.com\/?page_id=142","url":"https:\/\/byimelda.com\/?page_id=142","name":"Tiendas - By Imelda","isPartOf":{"@id":"https:\/\/byimelda.com\/#website"},"datePublished":"2017-06-06T17:40:02+00:00","dateModified":"2017-06-07T05:47:47+00:00","breadcrumb":{"@id":"https:\/\/byimelda.com\/?page_id=142#breadcrumb"},"inLanguage":"es","potentialAction":[{"@type":"ReadAction","target":["https:\/\/byimelda.com\/?page_id=142"]}]},{"@type":"BreadcrumbList","@id":"https:\/\/byimelda.com\/?page_id=142#breadcrumb","itemListElement":[{"@type":"ListItem","position":1,"name":"Portada","item":"https:\/\/byimelda.com\/"},{"@type":"ListItem","position":2,"name":"Tiendas"}]},{"@type":"WebSite","@id":"https:\/\/byimelda.com\/#website","url":"https:\/\/byimelda.com\/","name":"By Imelda","description":"Bolsos fabricados en Espa\u00f1a","publisher":{"@id":"https:\/\/byimelda.com\/#organization"},"potentialAction":[{"@type":"SearchAction","target":{"@type":"EntryPoint","urlTemplate":"https:\/\/byimelda.com\/?s={search_term_string}"},"query-input":{"@type":"PropertyValueSpecification","valueRequired":true,"valueName":"search_term_string"}}],"inLanguage":"es"},{"@type":"Organization","@id":"https:\/\/byimelda.com\/#organization","name":"By Imelda","url":"https:\/\/byimelda.com\/","logo":{"@type":"ImageObject","inLanguage":"es","@id":"https:\/\/byimelda.com\/#\/schema\/logo\/image\/","url":"https:\/\/byimelda.com\/wp-content\/uploads\/2017\/06\/cropped-logo_con_premios_by_imelda.jpg","contentUrl":"https:\/\/byimelda.com\/wp-content\/uploads\/2017\/06\/cropped-logo_con_premios_by_imelda.jpg","width":217,"height":200,"caption":"By Imelda"},"image":{"@id":"https:\/\/byimelda.com\/#\/schema\/logo\/image\/"}}]}},"_links":{"self":[{"href":"https:\/\/byimelda.com\/index.php?rest_route=\/wp\/v2\/pages\/142","targetHints":{"allow":["GET"]}}],"collection":[{"href":"https:\/\/byimelda.com\/index.php?rest_route=\/wp\/v2\/pages"}],"about":[{"href":"https:\/\/byimelda.com\/index.php?rest_route=\/wp\/v2\/types\/page"}],"author":[{"embeddable":true,"href":"https:\/\/byimelda.com\/index.php?rest_route=\/wp\/v2\/users\/1"}],"replies":[{"embeddable":true,"href":"https:\/\/byimelda.com\/index.php?rest_route=%2Fwp%2Fv2%2Fcomments&post=142"}],"version-history":[{"count":9,"href":"https:\/\/byimelda.com\/index.php?rest_route=\/wp\/v2\/pages\/142\/revisions"}],"predecessor-version":[{"id":176,"href":"https:\/\/byimelda.com\/index.php?rest_route=\/wp\/v2\/pages\/142\/revisions\/176"}],"wp:attachment":[{"href":"https:\/\/byimelda.com\/index.php?rest_route=%2Fwp%2Fv2%2Fmedia&parent=142"}],"curies":[{"name":"wp","href":"https:\/\/api.w.org\/{rel}","templated":true}]}}